{"id":10,"date":"2021-12-08T21:21:25","date_gmt":"2021-12-08T21:21:25","guid":{"rendered":"http:\/\/localhost\/cuokko-shop-wp\/?page_id=10"},"modified":"2024-09-12T11:20:25","modified_gmt":"2024-09-12T11:20:25","slug":"hoome","status":"publish","type":"page","link":"https:\/\/cuokko.com\/es\/","title":{"rendered":"INICIO"},"content":{"rendered":"<p>\u00bfBuscas una experiencia gastron\u00f3mica inolvidable? Caldo e Freddo te ofrece una combinaci\u00f3n \u00fanica de sabores y texturas que despertar\u00e1n tus sentidos. Disfruta de la calidez de un brioche reci\u00e9n tostado y la cremosidad de nuestro helado artesanal, todo en un mismo bocado. \u00a1Personaliza tu creaci\u00f3n con una variedad de toppings premium y descubre nuevas combinaciones cada d\u00eda!<\/p>","protected":false},"excerpt":{"rendered":"<p>\u00bfBuscas una experiencia gastron\u00f3mica inolvidable? Caldo e Freddo te ofrece una combinaci\u00f3n \u00fanica de sabores y texturas que despertar\u00e1n tus sentidos. Disfruta de la calidez de un brioche reci\u00e9n tostado y la cremosidad de nuestro helado artesanal, todo en un mismo bocado. \u00a1Personaliza tu creaci\u00f3n con una variedad de toppings premium y descubre nuevas combinaciones [&hellip;]<\/p>\n","protected":false},"author":1,"featured_media":0,"parent":0,"menu_order":2,"comment_status":"closed","ping_status":"closed","template":"","meta":[],"_links":{"self":[{"href":"https:\/\/cuokko.com\/es\/wp-json\/wp\/v2\/pages\/10"}],"collection":[{"href":"https:\/\/cuokko.com\/es\/wp-json\/wp\/v2\/pages"}],"about":[{"href":"https:\/\/cuokko.com\/es\/wp-json\/wp\/v2\/types\/page"}],"author":[{"embeddable":true,"href":"https:\/\/cuokko.com\/es\/wp-json\/wp\/v2\/users\/1"}],"replies":[{"embeddable":true,"href":"https:\/\/cuokko.com\/es\/wp-json\/wp\/v2\/comments?post=10"}],"version-history":[{"count":14,"href":"https:\/\/cuokko.com\/es\/wp-json\/wp\/v2\/pages\/10\/revisions"}],"predecessor-version":[{"id":585,"href":"https:\/\/cuokko.com\/es\/wp-json\/wp\/v2\/pages\/10\/revisions\/585"}],"wp:attachment":[{"href":"https:\/\/cuokko.com\/es\/wp-json\/wp\/v2\/media?parent=10"}],"curies":[{"name":"wp","href":"https:\/\/api.w.org\/{rel}","templated":true}]}}